{"id":9,"date":"2019-08-15T18:50:57","date_gmt":"2019-08-15T18:50:57","guid":{"rendered":"https:\/\/vibezsg.ch\/?page_id=9"},"modified":"2020-09-28T20:19:22","modified_gmt":"2020-09-28T20:19:22","slug":"ueber-mich","status":"publish","type":"page","link":"https:\/\/vibezsg.ch\/index.php\/ueber-mich\/","title":{"rendered":"Getr\u00e4nke"},"content":{"rendered":"<p>Unser Angebot umfasst klassische Cocktails wie ein Manhatten, aber auch selber kreierte Drinks. Gerne beraten wir Dich an unserer Bar pers\u00f6nlich.<\/p>\n<p>Nat\u00fcrlich bekommst Du bei uns auch eine Auswahl Kaffeesspezialit\u00e4ten und f\u00fcr den kleinen Hunger ist auch gesorgt.<\/p>\n<p>Sieh Dir doch einfach unsere Karte an:<\/p>\n<p><a href=\"https:\/\/vibezsg.ch\/index.php\/menu\/getraenkekarte\/\">Getr\u00e4nkekarte<\/a><\/p>\n","protected":false},"excerpt":{"rendered":"<p>Unser Angebot umfasst klassische Cocktails wie ein Manhatten, aber auch selber kreierte Drinks. Gerne beraten wir Dich an unserer Bar pers\u00f6nlich. Nat\u00fcrlich bekommst Du bei uns auch eine Auswahl Kaffeesspezialit\u00e4ten und f\u00fcr den kleinen Hunger ist auch gesorgt. Sieh Dir doch einfach unsere Karte an: Getr\u00e4nkekarte<\/p>\n","protected":false},"author":1,"featured_media":62,"parent":0,"menu_order":0,"comment_status":"closed","ping_status":"closed","template":"","meta":{"footnotes":""},"class_list":["post-9","page","type-page","status-publish","has-post-thumbnail","hentry"],"jetpack_sharing_enabled":true,"_links":{"self":[{"href":"https:\/\/vibezsg.ch\/index.php\/wp-json\/wp\/v2\/pages\/9","targetHints":{"allow":["GET"]}}],"collection":[{"href":"https:\/\/vibezsg.ch\/index.php\/wp-json\/wp\/v2\/pages"}],"about":[{"href":"https:\/\/vibezsg.ch\/index.php\/wp-json\/wp\/v2\/types\/page"}],"author":[{"embeddable":true,"href":"https:\/\/vibezsg.ch\/index.php\/wp-json\/wp\/v2\/users\/1"}],"replies":[{"embeddable":true,"href":"https:\/\/vibezsg.ch\/index.php\/wp-json\/wp\/v2\/comments?post=9"}],"version-history":[{"count":18,"href":"https:\/\/vibezsg.ch\/index.php\/wp-json\/wp\/v2\/pages\/9\/revisions"}],"predecessor-version":[{"id":267,"href":"https:\/\/vibezsg.ch\/index.php\/wp-json\/wp\/v2\/pages\/9\/revisions\/267"}],"wp:featuredmedia":[{"embeddable":true,"href":"https:\/\/vibezsg.ch\/index.php\/wp-json\/wp\/v2\/media\/62"}],"wp:attachment":[{"href":"https:\/\/vibezsg.ch\/index.php\/wp-json\/wp\/v2\/media?parent=9"}],"curies":[{"name":"wp","href":"https:\/\/api.w.org\/{rel}","templated":true}]}}