{"id":12,"date":"2019-08-15T18:50:57","date_gmt":"2019-08-15T18:50:57","guid":{"rendered":"https:\/\/vibezsg.ch\/?page_id=12"},"modified":"2023-11-16T19:18:31","modified_gmt":"2023-11-16T19:18:31","slug":"ein-startseiten-abschnitt","status":"publish","type":"page","link":"https:\/\/vibezsg.ch\/index.php\/ein-startseiten-abschnitt\/","title":{"rendered":"CBD"},"content":{"rendered":"<p>Als erste Bar in der Stadt St. Gallen bieten wir die M\u00f6glichkeit neben Drinks und Barfood auch hochwertiges CBD zu kaufen. Unser CBD wird in der Schweiz produziert und \u00fcber einen lokalen H\u00e4ndler bezogen.<\/p>\n<p><strong>Was ist CBD?<\/strong><\/p>\n<p class=\"copytext\">CBD steht f\u00fcr den Wirkstoff Cannabidiol. Und wie der Name schon vermuten l\u00e4sst, enth\u00e4lt CBD-Gras eine ganze Menge von diesem Wirkstoff. Damit grenzt es sich vom bekannten THC-haltigen Cannabis ab, welches f\u00fcr die Rauschwirkung und das High-Gef\u00fchl verantwortlich ist.<\/p>\n<p>Wir bieten unseren Kunden folgende Sorten an:<\/p>\n<p><strong>Ottmann<\/strong><br \/>\nOrange Gelato 2g \/ CHF 20.00<br \/>\nHabize 2g \/ CHF 20.00<br \/>\nFr\u00fcchtchen 2g \/ CHF 20.00<\/p>\n<p><strong>Sweed<\/strong><br \/>\nSuper Silver Haze 2g \/ CHF 10.00<\/p>\n","protected":false},"excerpt":{"rendered":"<p>Als erste Bar in der Stadt St. Gallen bieten wir die M\u00f6glichkeit neben Drinks und Barfood auch hochwertiges CBD zu kaufen. Unser CBD wird in der Schweiz produziert und \u00fcber einen lokalen H\u00e4ndler bezogen. Was ist CBD? CBD steht f\u00fcr den Wirkstoff Cannabidiol. Und wie der Name schon vermuten l\u00e4sst, enth\u00e4lt CBD-Gras eine ganze Menge &hellip; <\/p>\n<p class=\"link-more\"><a href=\"https:\/\/vibezsg.ch\/index.php\/ein-startseiten-abschnitt\/\" class=\"more-link\"><span class=\"screen-reader-text\">&#171;CBD&#187;<\/span> weiterlesen<\/a><\/p>\n","protected":false},"author":1,"featured_media":58,"parent":0,"menu_order":0,"comment_status":"closed","ping_status":"closed","template":"","meta":{"footnotes":""},"class_list":["post-12","page","type-page","status-publish","has-post-thumbnail","hentry"],"jetpack_sharing_enabled":true,"_links":{"self":[{"href":"https:\/\/vibezsg.ch\/index.php\/wp-json\/wp\/v2\/pages\/12","targetHints":{"allow":["GET"]}}],"collection":[{"href":"https:\/\/vibezsg.ch\/index.php\/wp-json\/wp\/v2\/pages"}],"about":[{"href":"https:\/\/vibezsg.ch\/index.php\/wp-json\/wp\/v2\/types\/page"}],"author":[{"embeddable":true,"href":"https:\/\/vibezsg.ch\/index.php\/wp-json\/wp\/v2\/users\/1"}],"replies":[{"embeddable":true,"href":"https:\/\/vibezsg.ch\/index.php\/wp-json\/wp\/v2\/comments?post=12"}],"version-history":[{"count":11,"href":"https:\/\/vibezsg.ch\/index.php\/wp-json\/wp\/v2\/pages\/12\/revisions"}],"predecessor-version":[{"id":420,"href":"https:\/\/vibezsg.ch\/index.php\/wp-json\/wp\/v2\/pages\/12\/revisions\/420"}],"wp:featuredmedia":[{"embeddable":true,"href":"https:\/\/vibezsg.ch\/index.php\/wp-json\/wp\/v2\/media\/58"}],"wp:attachment":[{"href":"https:\/\/vibezsg.ch\/index.php\/wp-json\/wp\/v2\/media?parent=12"}],"curies":[{"name":"wp","href":"https:\/\/api.w.org\/{rel}","templated":true}]}}